{"id":1521,"date":"2022-05-25T14:18:57","date_gmt":"2022-05-25T12:18:57","guid":{"rendered":"https:\/\/ssmsandomierz.home.pl\/autoinstalator\/wordpressplugins\/?page_id=1521"},"modified":"2025-04-06T18:22:12","modified_gmt":"2025-04-06T16:22:12","slug":"wnioski-petycje-uwagi","status":"publish","type":"page","link":"https:\/\/ssmsandomierz.pl\/index.php\/wnioski-petycje-uwagi\/","title":{"rendered":"Wnioski Petycje Uwagi"},"content":{"rendered":"\t\t<div data-elementor-type=\"wp-page\" data-elementor-id=\"1521\" class=\"elementor elementor-1521\">\n\t\t\t\t\t\t<section class=\"elementor-section elementor-top-section elementor-element elementor-element-8aa0187 elementor-section-boxed elementor-section-height-default elementor-section-height-default wpr-particle-no wpr-jarallax-no wpr-parallax-no wpr-sticky-section-no\" data-id=\"8aa0187\" data-element_type=\"section\">\n\t\t\t\t\t\t<div class=\"elementor-container elementor-column-gap-default\">\n\t\t\t\t\t<div class=\"elementor-column elementor-col-100 elementor-top-column elementor-element elementor-element-db4e0b3\" data-id=\"db4e0b3\" data-element_type=\"column\">\n\t\t\t<div class=\"elementor-widget-wrap elementor-element-populated\">\n\t\t\t\t\t\t<div class=\"elementor-element elementor-element-44b0a67 elementor-widget-divider--view-line elementor-widget elementor-widget-divider\" data-id=\"44b0a67\" data-element_type=\"widget\" data-widget_type=\"divider.default\">\n\t\t\t\t<div class=\"elementor-widget-container\">\n\t\t\t\t\t\t\t<div class=\"elementor-divider\">\n\t\t\t<span class=\"elementor-divider-separator\">\n\t\t\t\t\t\t<\/span>\n\t\t<\/div>\n\t\t\t\t\t\t<\/div>\n\t\t\t\t<\/div>\n\t\t\t\t<div class=\"elementor-element elementor-element-29548fa elementor-widget elementor-widget-wpforms\" data-id=\"29548fa\" data-element_type=\"widget\" data-widget_type=\"wpforms.default\">\n\t\t\t\t<div class=\"elementor-widget-container\">\n\t\t\t\t\t<div class=\"wpforms-container wpforms-container-full\" id=\"wpforms-1540\"><form id=\"wpforms-form-1540\" class=\"wpforms-validate wpforms-form wpforms-ajax-form\" data-formid=\"1540\" method=\"post\" enctype=\"multipart\/form-data\" action=\"\/index.php\/wp-json\/wp\/v2\/pages\/1521\" data-token=\"140e19e0046236d4133c6a4b22202426\" data-token-time=\"1776511316\"><div class=\"wpforms-head-container\"><div class=\"wpforms-title\">Formularz kontaktowy z Sandomiersk\u0105 Sp\u00f3\u0142dzielni\u0105 Mieszkaniow\u0105<\/div><\/div><noscript class=\"wpforms-error-noscript\">Aby wype\u0142ni\u0107 ten formularz, w\u0142\u0105cz obs\u0142ug\u0119 JavaScript w przegl\u0105darce.<\/noscript><div class=\"wpforms-field-container\"><div id=\"wpforms-1540-field_0-container\" class=\"wpforms-field wpforms-field-name\" data-field-id=\"0\"><label class=\"wpforms-field-label\" for=\"wpforms-1540-field_0\">Nazwisko i Imi\u0119  <span class=\"wpforms-required-label\">*<\/span><\/label><input type=\"text\" id=\"wpforms-1540-field_0\" class=\"wpforms-field-medium wpforms-field-required\" name=\"wpforms[fields][0]\" required><\/div><div id=\"wpforms-1540-field_6-container\" class=\"wpforms-field wpforms-field-text\" data-field-id=\"6\"><label class=\"wpforms-field-label\" for=\"wpforms-1540-field_6\">Adres zamieszkania<\/label><input type=\"text\" id=\"wpforms-1540-field_6\" class=\"wpforms-field-medium\" name=\"wpforms[fields][6]\" ><\/div><div id=\"wpforms-1540-field_3-container\" class=\"wpforms-field wpforms-field-number\" data-field-id=\"3\"><label class=\"wpforms-field-label\" for=\"wpforms-1540-field_3\">Telefon kontaktowy <span class=\"wpforms-required-label\">*<\/span><\/label><input type=\"number\" id=\"wpforms-1540-field_3\" class=\"wpforms-field-small wpforms-field-required\" name=\"wpforms[fields][3]\" step=\"any\" required><\/div><div id=\"wpforms-1540-field_1-container\" class=\"wpforms-field wpforms-field-email\" data-field-id=\"1\"><label class=\"wpforms-field-label\" for=\"wpforms-1540-field_1\">Adres e-mail <span class=\"wpforms-required-label\">*<\/span><\/label><input type=\"email\" id=\"wpforms-1540-field_1\" class=\"wpforms-field-medium wpforms-field-required\" name=\"wpforms[fields][1]\" spellcheck=\"false\" required><\/div><div id=\"wpforms-1540-field_2-container\" class=\"wpforms-field wpforms-field-textarea\" data-field-id=\"2\"><label class=\"wpforms-field-label\" for=\"wpforms-1540-field_2\">Tre\u015b\u0107 zg\u0142oszenia <span class=\"wpforms-required-label\">*<\/span><\/label><textarea id=\"wpforms-1540-field_2\" class=\"wpforms-field-medium wpforms-field-required\" name=\"wpforms[fields][2]\" required><\/textarea><\/div><\/div><!-- .wpforms-field-container --><div class=\"wpforms-submit-container\" ><input type=\"hidden\" name=\"wpforms[id]\" value=\"1540\"><input type=\"hidden\" name=\"page_title\" value=\"\"><input type=\"hidden\" name=\"page_url\" value=\"https:\/\/ssmsandomierz.pl\/index.php\/wp-json\/wp\/v2\/pages\/1521\"><input type=\"hidden\" name=\"url_referer\" value=\"\"><button type=\"submit\" name=\"wpforms[submit]\" id=\"wpforms-submit-1540\" class=\"wpforms-submit\" data-alt-text=\"Wysy\u0142anie .....\" data-submit-text=\"Wy\u015blij\" aria-live=\"assertive\" value=\"wpforms-submit\">Wy\u015blij<\/button><img decoding=\"async\" src=\"https:\/\/ssmsandomierz.pl\/wp-content\/plugins\/wpforms-lite\/assets\/images\/submit-spin.svg\" class=\"wpforms-submit-spinner\" style=\"display: none;\" width=\"26\" height=\"26\" alt=\"Wczytywanie\"><\/div><\/form><\/div>  <!-- .wpforms-container -->\t\t\t\t<\/div>\n\t\t\t\t<\/div>\n\t\t\t\t<div class=\"elementor-element elementor-element-60481c0 elementor-widget-divider--view-line elementor-widget elementor-widget-divider\" data-id=\"60481c0\" data-element_type=\"widget\" data-widget_type=\"divider.default\">\n\t\t\t\t<div class=\"elementor-widget-container\">\n\t\t\t\t\t\t\t<div class=\"elementor-divider\">\n\t\t\t<span class=\"elementor-divider-separator\">\n\t\t\t\t\t\t<\/span>\n\t\t<\/div>\n\t\t\t\t\t\t<\/div>\n\t\t\t\t<\/div>\n\t\t\t\t\t<\/div>\n\t\t<\/div>\n\t\t\t\t\t<\/div>\n\t\t<\/section>\n\t\t\t\t<\/div>\n\t\t","protected":false},"excerpt":{"rendered":"<p>Formularz kontaktowy z Sandomiersk\u0105 Sp\u00f3\u0142dzielni\u0105 Mieszkaniow\u0105Aby wype\u0142ni\u0107 ten formularz, w\u0142\u0105cz obs\u0142ug\u0119 JavaScript w przegl\u0105darce.Nazwisko i Imi\u0119 *Adres zamieszkaniaTelefon kontaktowy *Adres e-mail *Tre\u015b\u0107 zg\u0142oszenia * Wy\u015blij<\/p>\n","protected":false},"author":1,"featured_media":0,"parent":0,"menu_order":0,"comment_status":"closed","ping_status":"closed","template":"","meta":{"footnotes":""},"class_list":["post-1521","page","type-page","status-publish","hentry"],"yoast_head":"<!-- This site is optimized with the Yoast SEO plugin v24.8.1 - https:\/\/yoast.com\/wordpress\/plugins\/seo\/ -->\n<title>Wnioski Petycje Uwagi - Sandomierska Sp\u00f3\u0142dzielnia Mieszkaniowa<\/title>\n<meta name=\"robots\" content=\"index, follow, max-snippet:-1, max-image-preview:large, max-video-preview:-1\" \/>\n<link rel=\"canonical\" href=\"https:\/\/ssmsandomierz.pl\/index.php\/wnioski-petycje-uwagi\/\" \/>\n<meta property=\"og:locale\" content=\"pl_PL\" \/>\n<meta property=\"og:type\" content=\"article\" \/>\n<meta property=\"og:title\" content=\"Wnioski Petycje Uwagi - Sandomierska Sp\u00f3\u0142dzielnia Mieszkaniowa\" \/>\n<meta property=\"og:description\" content=\"Formularz kontaktowy z Sandomiersk\u0105 Sp\u00f3\u0142dzielni\u0105 Mieszkaniow\u0105Aby wype\u0142ni\u0107 ten formularz, w\u0142\u0105cz obs\u0142ug\u0119 JavaScript w przegl\u0105darce.Nazwisko i Imi\u0119 *Adres zamieszkaniaTelefon kontaktowy *Adres e-mail *Tre\u015b\u0107 zg\u0142oszenia * Wy\u015blij\" \/>\n<meta property=\"og:url\" content=\"https:\/\/ssmsandomierz.pl\/index.php\/wnioski-petycje-uwagi\/\" \/>\n<meta property=\"og:site_name\" content=\"Sandomierska Sp\u00f3\u0142dzielnia Mieszkaniowa\" \/>\n<meta property=\"article:modified_time\" content=\"2025-04-06T16:22:12+00:00\" \/>\n<meta property=\"og:image\" content=\"https:\/\/ssmsandomierz.pl\/wp-content\/plugins\/wpforms-lite\/assets\/images\/submit-spin.svg\" \/>\n<meta name=\"twitter:card\" content=\"summary_large_image\" \/>\n<meta name=\"twitter:label1\" content=\"Szacowany czas czytania\" \/>\n\t<meta name=\"twitter:data1\" content=\"1 minuta\" \/>\n<script type=\"application\/ld+json\" class=\"yoast-schema-graph\">{\"@context\":\"https:\/\/schema.org\",\"@graph\":[{\"@type\":\"WebPage\",\"@id\":\"https:\/\/ssmsandomierz.pl\/index.php\/wnioski-petycje-uwagi\/\",\"url\":\"https:\/\/ssmsandomierz.pl\/index.php\/wnioski-petycje-uwagi\/\",\"name\":\"Wnioski Petycje Uwagi - Sandomierska Sp\u00f3\u0142dzielnia Mieszkaniowa\",\"isPartOf\":{\"@id\":\"https:\/\/ssmsandomierz.pl\/#website\"},\"primaryImageOfPage\":{\"@id\":\"https:\/\/ssmsandomierz.pl\/index.php\/wnioski-petycje-uwagi\/#primaryimage\"},\"image\":{\"@id\":\"https:\/\/ssmsandomierz.pl\/index.php\/wnioski-petycje-uwagi\/#primaryimage\"},\"thumbnailUrl\":\"https:\/\/ssmsandomierz.pl\/wp-content\/plugins\/wpforms-lite\/assets\/images\/submit-spin.svg\",\"datePublished\":\"2022-05-25T12:18:57+00:00\",\"dateModified\":\"2025-04-06T16:22:12+00:00\",\"breadcrumb\":{\"@id\":\"https:\/\/ssmsandomierz.pl\/index.php\/wnioski-petycje-uwagi\/#breadcrumb\"},\"inLanguage\":\"pl-PL\",\"potentialAction\":[{\"@type\":\"ReadAction\",\"target\":[\"https:\/\/ssmsandomierz.pl\/index.php\/wnioski-petycje-uwagi\/\"]}]},{\"@type\":\"ImageObject\",\"inLanguage\":\"pl-PL\",\"@id\":\"https:\/\/ssmsandomierz.pl\/index.php\/wnioski-petycje-uwagi\/#primaryimage\",\"url\":\"https:\/\/ssmsandomierz.pl\/wp-content\/plugins\/wpforms-lite\/assets\/images\/submit-spin.svg\",\"contentUrl\":\"https:\/\/ssmsandomierz.pl\/wp-content\/plugins\/wpforms-lite\/assets\/images\/submit-spin.svg\"},{\"@type\":\"BreadcrumbList\",\"@id\":\"https:\/\/ssmsandomierz.pl\/index.php\/wnioski-petycje-uwagi\/#breadcrumb\",\"itemListElement\":[{\"@type\":\"ListItem\",\"position\":1,\"name\":\"Home\",\"item\":\"https:\/\/ssmsandomierz.pl\/\"},{\"@type\":\"ListItem\",\"position\":2,\"name\":\"Wnioski Petycje Uwagi\"}]},{\"@type\":\"WebSite\",\"@id\":\"https:\/\/ssmsandomierz.pl\/#website\",\"url\":\"https:\/\/ssmsandomierz.pl\/\",\"name\":\"Sandomierska Sp\u00f3\u0142dzielnia Mieszkaniowa\",\"description\":\"\",\"publisher\":{\"@id\":\"https:\/\/ssmsandomierz.pl\/#organization\"},\"potentialAction\":[{\"@type\":\"SearchAction\",\"target\":{\"@type\":\"EntryPoint\",\"urlTemplate\":\"https:\/\/ssmsandomierz.pl\/?s={search_term_string}\"},\"query-input\":{\"@type\":\"PropertyValueSpecification\",\"valueRequired\":true,\"valueName\":\"search_term_string\"}}],\"inLanguage\":\"pl-PL\"},{\"@type\":\"Organization\",\"@id\":\"https:\/\/ssmsandomierz.pl\/#organization\",\"name\":\"Sandomierska Sp\u00f3\u0142dzielnia Mieszkaniowa\",\"url\":\"https:\/\/ssmsandomierz.pl\/\",\"logo\":{\"@type\":\"ImageObject\",\"inLanguage\":\"pl-PL\",\"@id\":\"https:\/\/ssmsandomierz.pl\/#\/schema\/logo\/image\/\",\"url\":\"https:\/\/ssmsandomierz.pl\/wp-content\/uploads\/2025\/04\/cropped-przezrocz.png\",\"contentUrl\":\"https:\/\/ssmsandomierz.pl\/wp-content\/uploads\/2025\/04\/cropped-przezrocz.png\",\"width\":1151,\"height\":512,\"caption\":\"Sandomierska Sp\u00f3\u0142dzielnia Mieszkaniowa\"},\"image\":{\"@id\":\"https:\/\/ssmsandomierz.pl\/#\/schema\/logo\/image\/\"}}]}<\/script>\n<!-- \/ Yoast SEO plugin. -->","yoast_head_json":{"title":"Wnioski Petycje Uwagi - Sandomierska Sp\u00f3\u0142dzielnia Mieszkaniowa","robots":{"index":"index","follow":"follow","max-snippet":"max-snippet:-1","max-image-preview":"max-image-preview:large","max-video-preview":"max-video-preview:-1"},"canonical":"https:\/\/ssmsandomierz.pl\/index.php\/wnioski-petycje-uwagi\/","og_locale":"pl_PL","og_type":"article","og_title":"Wnioski Petycje Uwagi - Sandomierska Sp\u00f3\u0142dzielnia Mieszkaniowa","og_description":"Formularz kontaktowy z Sandomiersk\u0105 Sp\u00f3\u0142dzielni\u0105 Mieszkaniow\u0105Aby wype\u0142ni\u0107 ten formularz, w\u0142\u0105cz obs\u0142ug\u0119 JavaScript w przegl\u0105darce.Nazwisko i Imi\u0119 *Adres zamieszkaniaTelefon kontaktowy *Adres e-mail *Tre\u015b\u0107 zg\u0142oszenia * Wy\u015blij","og_url":"https:\/\/ssmsandomierz.pl\/index.php\/wnioski-petycje-uwagi\/","og_site_name":"Sandomierska Sp\u00f3\u0142dzielnia Mieszkaniowa","article_modified_time":"2025-04-06T16:22:12+00:00","og_image":[{"url":"https:\/\/ssmsandomierz.pl\/wp-content\/plugins\/wpforms-lite\/assets\/images\/submit-spin.svg","type":"","width":"","height":""}],"twitter_card":"summary_large_image","twitter_misc":{"Szacowany czas czytania":"1 minuta"},"schema":{"@context":"https:\/\/schema.org","@graph":[{"@type":"WebPage","@id":"https:\/\/ssmsandomierz.pl\/index.php\/wnioski-petycje-uwagi\/","url":"https:\/\/ssmsandomierz.pl\/index.php\/wnioski-petycje-uwagi\/","name":"Wnioski Petycje Uwagi - Sandomierska Sp\u00f3\u0142dzielnia Mieszkaniowa","isPartOf":{"@id":"https:\/\/ssmsandomierz.pl\/#website"},"primaryImageOfPage":{"@id":"https:\/\/ssmsandomierz.pl\/index.php\/wnioski-petycje-uwagi\/#primaryimage"},"image":{"@id":"https:\/\/ssmsandomierz.pl\/index.php\/wnioski-petycje-uwagi\/#primaryimage"},"thumbnailUrl":"https:\/\/ssmsandomierz.pl\/wp-content\/plugins\/wpforms-lite\/assets\/images\/submit-spin.svg","datePublished":"2022-05-25T12:18:57+00:00","dateModified":"2025-04-06T16:22:12+00:00","breadcrumb":{"@id":"https:\/\/ssmsandomierz.pl\/index.php\/wnioski-petycje-uwagi\/#breadcrumb"},"inLanguage":"pl-PL","potentialAction":[{"@type":"ReadAction","target":["https:\/\/ssmsandomierz.pl\/index.php\/wnioski-petycje-uwagi\/"]}]},{"@type":"ImageObject","inLanguage":"pl-PL","@id":"https:\/\/ssmsandomierz.pl\/index.php\/wnioski-petycje-uwagi\/#primaryimage","url":"https:\/\/ssmsandomierz.pl\/wp-content\/plugins\/wpforms-lite\/assets\/images\/submit-spin.svg","contentUrl":"https:\/\/ssmsandomierz.pl\/wp-content\/plugins\/wpforms-lite\/assets\/images\/submit-spin.svg"},{"@type":"BreadcrumbList","@id":"https:\/\/ssmsandomierz.pl\/index.php\/wnioski-petycje-uwagi\/#breadcrumb","itemListElement":[{"@type":"ListItem","position":1,"name":"Home","item":"https:\/\/ssmsandomierz.pl\/"},{"@type":"ListItem","position":2,"name":"Wnioski Petycje Uwagi"}]},{"@type":"WebSite","@id":"https:\/\/ssmsandomierz.pl\/#website","url":"https:\/\/ssmsandomierz.pl\/","name":"Sandomierska Sp\u00f3\u0142dzielnia Mieszkaniowa","description":"","publisher":{"@id":"https:\/\/ssmsandomierz.pl\/#organization"},"potentialAction":[{"@type":"SearchAction","target":{"@type":"EntryPoint","urlTemplate":"https:\/\/ssmsandomierz.pl\/?s={search_term_string}"},"query-input":{"@type":"PropertyValueSpecification","valueRequired":true,"valueName":"search_term_string"}}],"inLanguage":"pl-PL"},{"@type":"Organization","@id":"https:\/\/ssmsandomierz.pl\/#organization","name":"Sandomierska Sp\u00f3\u0142dzielnia Mieszkaniowa","url":"https:\/\/ssmsandomierz.pl\/","logo":{"@type":"ImageObject","inLanguage":"pl-PL","@id":"https:\/\/ssmsandomierz.pl\/#\/schema\/logo\/image\/","url":"https:\/\/ssmsandomierz.pl\/wp-content\/uploads\/2025\/04\/cropped-przezrocz.png","contentUrl":"https:\/\/ssmsandomierz.pl\/wp-content\/uploads\/2025\/04\/cropped-przezrocz.png","width":1151,"height":512,"caption":"Sandomierska Sp\u00f3\u0142dzielnia Mieszkaniowa"},"image":{"@id":"https:\/\/ssmsandomierz.pl\/#\/schema\/logo\/image\/"}}]}},"_links":{"self":[{"href":"https:\/\/ssmsandomierz.pl\/index.php\/wp-json\/wp\/v2\/pages\/1521","targetHints":{"allow":["GET"]}}],"collection":[{"href":"https:\/\/ssmsandomierz.pl\/index.php\/wp-json\/wp\/v2\/pages"}],"about":[{"href":"https:\/\/ssmsandomierz.pl\/index.php\/wp-json\/wp\/v2\/types\/page"}],"author":[{"embeddable":true,"href":"https:\/\/ssmsandomierz.pl\/index.php\/wp-json\/wp\/v2\/users\/1"}],"replies":[{"embeddable":true,"href":"https:\/\/ssmsandomierz.pl\/index.php\/wp-json\/wp\/v2\/comments?post=1521"}],"version-history":[{"count":16,"href":"https:\/\/ssmsandomierz.pl\/index.php\/wp-json\/wp\/v2\/pages\/1521\/revisions"}],"predecessor-version":[{"id":4353,"href":"https:\/\/ssmsandomierz.pl\/index.php\/wp-json\/wp\/v2\/pages\/1521\/revisions\/4353"}],"wp:attachment":[{"href":"https:\/\/ssmsandomierz.pl\/index.php\/wp-json\/wp\/v2\/media?parent=1521"}],"curies":[{"name":"wp","href":"https:\/\/api.w.org\/{rel}","templated":true}]}}