{"id":489,"date":"2022-01-19T14:59:12","date_gmt":"2022-01-19T13:59:12","guid":{"rendered":"https:\/\/ssmsandomierz.home.pl\/autoinstalator\/wordpressplugins\/?page_id=489"},"modified":"2025-07-31T14:51:48","modified_gmt":"2025-07-31T12:51:48","slug":"elementor-489","status":"publish","type":"page","link":"https:\/\/ssmsandomierz.pl\/index.php\/elementor-489\/","title":{"rendered":"Do pobrania"},"content":{"rendered":"\t\t<div data-elementor-type=\"wp-page\" data-elementor-id=\"489\" class=\"elementor elementor-489\">\n\t\t\t\t\t\t<section class=\"elementor-section elementor-top-section elementor-element elementor-element-1deebcb6 elementor-section-stretched elementor-section-boxed elementor-section-height-default elementor-section-height-default wpr-particle-no wpr-jarallax-no wpr-parallax-no wpr-sticky-section-no\" data-id=\"1deebcb6\" data-element_type=\"section\" data-settings=\"{&quot;background_background&quot;:&quot;classic&quot;,&quot;stretch_section&quot;:&quot;section-stretched&quot;}\">\n\t\t\t\t\t\t\t<div class=\"elementor-background-overlay\"><\/div>\n\t\t\t\t\t\t\t<div class=\"elementor-container elementor-column-gap-default\">\n\t\t\t\t\t<div class=\"elementor-column elementor-col-100 elementor-top-column elementor-element elementor-element-2a7ec5ff\" data-id=\"2a7ec5ff\" data-element_type=\"column\" data-settings=\"{&quot;background_background&quot;:&quot;classic&quot;}\">\n\t\t\t<div class=\"elementor-widget-wrap elementor-element-populated\">\n\t\t\t\t\t\t<section class=\"elementor-section elementor-inner-section elementor-element elementor-element-5eb35460 elementor-section-boxed elementor-section-height-default elementor-section-height-default wpr-particle-no wpr-jarallax-no wpr-parallax-no wpr-sticky-section-no\" data-id=\"5eb35460\" data-element_type=\"section\">\n\t\t\t\t\t\t<div class=\"elementor-container elementor-column-gap-default\">\n\t\t\t\t\t<div class=\"elementor-column elementor-col-100 elementor-inner-column elementor-element elementor-element-3a4ae694\" data-id=\"3a4ae694\" data-element_type=\"column\">\n\t\t\t<div class=\"elementor-widget-wrap elementor-element-populated\">\n\t\t\t\t\t\t<div class=\"elementor-element elementor-element-53c9967b envato-kit-138-bracket elementor-widget elementor-widget-heading\" data-id=\"53c9967b\" data-element_type=\"widget\" data-widget_type=\"heading.default\">\n\t\t\t\t<div class=\"elementor-widget-container\">\n\t\t\t\t\t<h3 class=\"elementor-heading-title elementor-size-default\">Pliki do pobrania<\/h3>\t\t\t\t<\/div>\n\t\t\t\t<\/div>\n\t\t\t\t<div class=\"elementor-element elementor-element-3029b92d elementor-widget-divider--view-line elementor-widget elementor-widget-divider\" data-id=\"3029b92d\" data-element_type=\"widget\" data-widget_type=\"divider.default\">\n\t\t\t\t<div class=\"elementor-widget-container\">\n\t\t\t\t\t\t\t<div class=\"elementor-divider\">\n\t\t\t<span class=\"elementor-divider-separator\">\n\t\t\t\t\t\t<\/span>\n\t\t<\/div>\n\t\t\t\t\t\t<\/div>\n\t\t\t\t<\/div>\n\t\t\t\t\t<\/div>\n\t\t<\/div>\n\t\t\t\t\t<\/div>\n\t\t<\/section>\n\t\t\t\t<section class=\"elementor-section elementor-inner-section elementor-element elementor-element-74a149b4 elementor-section-full_width elementor-section-height-default elementor-section-height-default wpr-particle-no wpr-jarallax-no wpr-parallax-no wpr-sticky-section-no\" data-id=\"74a149b4\" data-element_type=\"section\">\n\t\t\t\t\t\t<div class=\"elementor-container elementor-column-gap-default\">\n\t\t\t\t\t<div class=\"elementor-column elementor-col-100 elementor-inner-column elementor-element elementor-element-761abf6\" data-id=\"761abf6\" data-element_type=\"column\" data-settings=\"{&quot;background_background&quot;:&quot;gradient&quot;}\">\n\t\t\t<div class=\"elementor-widget-wrap\">\n\t\t\t\t\t\t\t<\/div>\n\t\t<\/div>\n\t\t\t\t\t<\/div>\n\t\t<\/section>\n\t\t\t\t<div class=\"elementor-element elementor-element-1a68fff1 elementor-widget elementor-widget-spacer\" data-id=\"1a68fff1\" data-element_type=\"widget\" data-widget_type=\"spacer.default\">\n\t\t\t\t<div class=\"elementor-widget-container\">\n\t\t\t\t\t\t\t<div class=\"elementor-spacer\">\n\t\t\t<div class=\"elementor-spacer-inner\"><\/div>\n\t\t<\/div>\n\t\t\t\t\t\t<\/div>\n\t\t\t\t<\/div>\n\t\t\t\t<div class=\"elementor-element elementor-element-cdeb281 elementor-icon-list--layout-traditional elementor-list-item-link-full_width elementor-widget elementor-widget-icon-list\" data-id=\"cdeb281\" data-element_type=\"widget\" data-widget_type=\"icon-list.default\">\n\t\t\t\t<div class=\"elementor-widget-container\">\n\t\t\t\t\t\t\t<ul class=\"elementor-icon-list-items\">\n\t\t\t\t\t\t\t<li class=\"elementor-icon-list-item\">\n\t\t\t\t\t\t\t\t\t\t\t<a href=\"https:\/\/ssmsandomierz.pl\/wp-content\/uploads\/2025\/07\/Oswiadczenie-korespondencja082025.pdf\" target=\"_blank\">\n\n\t\t\t\t\t\t\t\t\t\t\t\t<span class=\"elementor-icon-list-icon\">\n\t\t\t\t\t\t\t<i aria-hidden=\"true\" class=\"fas fa-file-download\"><\/i>\t\t\t\t\t\t<\/span>\n\t\t\t\t\t\t\t\t\t\t<span class=\"elementor-icon-list-text\">O\u015bwiadczenie dotycz\u0105ce korespondencji z SSM - Adres korespondencyjny, e-faktury, PWI<\/span>\n\t\t\t\t\t\t\t\t\t\t\t<\/a>\n\t\t\t\t\t\t\t\t\t<\/li>\n\t\t\t\t\t\t\t\t<li class=\"elementor-icon-list-item\">\n\t\t\t\t\t\t\t\t\t\t\t<a href=\"https:\/\/ssmsandomierz.pl\/wp-content\/uploads\/2022\/08\/OSWSMIECI.pdf\" target=\"_blank\">\n\n\t\t\t\t\t\t\t\t\t\t\t\t<span class=\"elementor-icon-list-icon\">\n\t\t\t\t\t\t\t<i aria-hidden=\"true\" class=\"fas fa-file-download\"><\/i>\t\t\t\t\t\t<\/span>\n\t\t\t\t\t\t\t\t\t\t<span class=\"elementor-icon-list-text\">O\u015bwiadczenie dotycz\u0105ce ilo\u015bci os\u00f3b zamieszka\u0142ych w lokalu mieszkalnym SANDOMIERZ<\/span>\n\t\t\t\t\t\t\t\t\t\t\t<\/a>\n\t\t\t\t\t\t\t\t\t<\/li>\n\t\t\t\t\t\t\t\t<li class=\"elementor-icon-list-item\">\n\t\t\t\t\t\t\t\t\t\t\t<a href=\"https:\/\/ssmsandomierz.pl\/wp-content\/uploads\/2024\/01\/OswZAWICHOST.pdf\" target=\"_blank\">\n\n\t\t\t\t\t\t\t\t\t\t\t\t<span class=\"elementor-icon-list-icon\">\n\t\t\t\t\t\t\t<i aria-hidden=\"true\" class=\"fas fa-file-download\"><\/i>\t\t\t\t\t\t<\/span>\n\t\t\t\t\t\t\t\t\t\t<span class=\"elementor-icon-list-text\">O\u015bwiadczenie dotycz\u0105ce ilo\u015bci os\u00f3b zamieszka\u0142ych w lokalu mieszkalnym ZAWICHOST<\/span>\n\t\t\t\t\t\t\t\t\t\t\t<\/a>\n\t\t\t\t\t\t\t\t\t<\/li>\n\t\t\t\t\t\t\t\t<li class=\"elementor-icon-list-item\">\n\t\t\t\t\t\t\t\t\t\t\t<a href=\"https:\/\/ssmsandomierz.home.pl\/autoinstalator\/wordpressplugins\/wp-content\/uploads\/2022\/05\/UPOWAZNIENIE.pdf\" target=\"_blank\">\n\n\t\t\t\t\t\t\t\t\t\t\t\t<span class=\"elementor-icon-list-icon\">\n\t\t\t\t\t\t\t<i aria-hidden=\"true\" class=\"fas fa-file-download\"><\/i>\t\t\t\t\t\t<\/span>\n\t\t\t\t\t\t\t\t\t\t<span class=\"elementor-icon-list-text\">Upowa\u017cnienie<\/span>\n\t\t\t\t\t\t\t\t\t\t\t<\/a>\n\t\t\t\t\t\t\t\t\t<\/li>\n\t\t\t\t\t\t\t\t<li class=\"elementor-icon-list-item\">\n\t\t\t\t\t\t\t\t\t\t\t<a href=\"https:\/\/ssmsandomierz.home.pl\/autoinstalator\/wordpressplugins\/wp-content\/uploads\/2022\/05\/RODO.pdf\" target=\"_blank\">\n\n\t\t\t\t\t\t\t\t\t\t\t\t<span class=\"elementor-icon-list-icon\">\n\t\t\t\t\t\t\t<i aria-hidden=\"true\" class=\"fas fa-file-download\"><\/i>\t\t\t\t\t\t<\/span>\n\t\t\t\t\t\t\t\t\t\t<span class=\"elementor-icon-list-text\">O\u015bwiadczenie o wyra\u017ceniu zgody na przetwarzanie danych - RODO<\/span>\n\t\t\t\t\t\t\t\t\t\t\t<\/a>\n\t\t\t\t\t\t\t\t\t<\/li>\n\t\t\t\t\t\t\t\t<li class=\"elementor-icon-list-item\">\n\t\t\t\t\t\t\t\t\t\t\t<a href=\"https:\/\/ssmsandomierz.home.pl\/autoinstalator\/wordpressplugins\/wp-content\/uploads\/2022\/05\/PELNOMOCNICTWO.pdf\" target=\"_blank\">\n\n\t\t\t\t\t\t\t\t\t\t\t\t<span class=\"elementor-icon-list-icon\">\n\t\t\t\t\t\t\t<i aria-hidden=\"true\" class=\"fas fa-file-download\"><\/i>\t\t\t\t\t\t<\/span>\n\t\t\t\t\t\t\t\t\t\t<span class=\"elementor-icon-list-text\">Pe\u0142nomocnictwo<\/span>\n\t\t\t\t\t\t\t\t\t\t\t<\/a>\n\t\t\t\t\t\t\t\t\t<\/li>\n\t\t\t\t\t\t\t\t<li class=\"elementor-icon-list-item\">\n\t\t\t\t\t\t\t\t\t\t\t<a href=\"https:\/\/ssmsandomierz.home.pl\/autoinstalator\/wordpressplugins\/wp-content\/uploads\/2022\/05\/DEKLPRZYSTAPIENIA.pdf\" target=\"_blank\">\n\n\t\t\t\t\t\t\t\t\t\t\t\t<span class=\"elementor-icon-list-icon\">\n\t\t\t\t\t\t\t<i aria-hidden=\"true\" class=\"fas fa-file-download\"><\/i>\t\t\t\t\t\t<\/span>\n\t\t\t\t\t\t\t\t\t\t<span class=\"elementor-icon-list-text\">Deklaracja przyst\u0105pienia do sp\u00f3\u0142dzielni <\/span>\n\t\t\t\t\t\t\t\t\t\t\t<\/a>\n\t\t\t\t\t\t\t\t\t<\/li>\n\t\t\t\t\t\t\t\t<li class=\"elementor-icon-list-item\">\n\t\t\t\t\t\t\t\t\t\t\t<a href=\"https:\/\/ssmsandomierz.pl\/wp-content\/uploads\/2022\/06\/podzasw.pdf\" target=\"_blank\">\n\n\t\t\t\t\t\t\t\t\t\t\t\t<span class=\"elementor-icon-list-icon\">\n\t\t\t\t\t\t\t<i aria-hidden=\"true\" class=\"fas fa-file-download\"><\/i>\t\t\t\t\t\t<\/span>\n\t\t\t\t\t\t\t\t\t\t<span class=\"elementor-icon-list-text\">Podanie o wydanie za\u015bwiadczenia<\/span>\n\t\t\t\t\t\t\t\t\t\t\t<\/a>\n\t\t\t\t\t\t\t\t\t<\/li>\n\t\t\t\t\t\t\t\t<li class=\"elementor-icon-list-item\">\n\t\t\t\t\t\t\t\t\t\t\t<a href=\"https:\/\/ssmsandomierz.pl\/wp-content\/uploads\/2025\/07\/wnDg-1.pdf\" target=\"_blank\">\n\n\t\t\t\t\t\t\t\t\t\t\t\t<span class=\"elementor-icon-list-icon\">\n\t\t\t\t\t\t\t<i aria-hidden=\"true\" class=\"fas fa-file-download\"><\/i>\t\t\t\t\t\t<\/span>\n\t\t\t\t\t\t\t\t\t\t<span class=\"elementor-icon-list-text\">Wniosek o wydanie zgody na prowadzenie DG w lokalu mieszkalnym<\/span>\n\t\t\t\t\t\t\t\t\t\t\t<\/a>\n\t\t\t\t\t\t\t\t\t<\/li>\n\t\t\t\t\t\t<\/ul>\n\t\t\t\t\t\t<\/div>\n\t\t\t\t<\/div>\n\t\t\t\t\t<\/div>\n\t\t<\/div>\n\t\t\t\t\t<\/div>\n\t\t<\/section>\n\t\t\t\t<\/div>\n\t\t","protected":false},"excerpt":{"rendered":"<p>Pliki do pobrania O\u015bwiadczenie dotycz\u0105ce korespondencji z SSM &#8211; Adres korespondencyjny, e-faktury, PWI O\u015bwiadczenie dotycz\u0105ce ilo\u015bci os\u00f3b zamieszka\u0142ych w lokalu mieszkalnym SANDOMIERZ O\u015bwiadczenie dotycz\u0105ce ilo\u015bci os\u00f3b zamieszka\u0142ych w lokalu mieszkalnym ZAWICHOST Upowa\u017cnienie O\u015bwiadczenie o wyra\u017ceniu zgody na przetwarzanie danych &#8211; RODO Pe\u0142nomocnictwo Deklaracja przyst\u0105pienia do sp\u00f3\u0142dzielni Podanie o wydanie za\u015bwiadczenia Wniosek o wydanie zgody na prowadzenie DG w lokalu mieszkalnym<\/p>\n","protected":false},"author":1,"featured_media":4196,"parent":0,"menu_order":0,"comment_status":"closed","ping_status":"closed","template":"","meta":{"footnotes":""},"class_list":["post-489","page","type-page","status-publish","has-post-thumbnail","hentry"],"yoast_head":"<!-- This site is optimized with the Yoast SEO plugin v24.8.1 - https:\/\/yoast.com\/wordpress\/plugins\/seo\/ -->\n<title>Do pobrania - Sandomierska Sp\u00f3\u0142dzielnia Mieszkaniowa<\/title>\n<meta name=\"robots\" content=\"index, follow, max-snippet:-1, max-image-preview:large, max-video-preview:-1\" \/>\n<link rel=\"canonical\" href=\"https:\/\/ssmsandomierz.pl\/index.php\/elementor-489\/\" \/>\n<meta property=\"og:locale\" content=\"pl_PL\" \/>\n<meta property=\"og:type\" content=\"article\" \/>\n<meta property=\"og:title\" content=\"Do pobrania - Sandomierska Sp\u00f3\u0142dzielnia Mieszkaniowa\" \/>\n<meta property=\"og:description\" content=\"Pliki do pobrania O\u015bwiadczenie dotycz\u0105ce korespondencji z SSM &#8211; Adres korespondencyjny, e-faktury, PWI O\u015bwiadczenie dotycz\u0105ce ilo\u015bci os\u00f3b zamieszka\u0142ych w lokalu mieszkalnym SANDOMIERZ O\u015bwiadczenie dotycz\u0105ce ilo\u015bci os\u00f3b zamieszka\u0142ych w lokalu mieszkalnym ZAWICHOST Upowa\u017cnienie O\u015bwiadczenie o wyra\u017ceniu zgody na przetwarzanie danych &#8211; RODO Pe\u0142nomocnictwo Deklaracja przyst\u0105pienia do sp\u00f3\u0142dzielni Podanie o wydanie za\u015bwiadczenia Wniosek o wydanie zgody na prowadzenie DG w lokalu mieszkalnym\" \/>\n<meta property=\"og:url\" content=\"https:\/\/ssmsandomierz.pl\/index.php\/elementor-489\/\" \/>\n<meta property=\"og:site_name\" content=\"Sandomierska Sp\u00f3\u0142dzielnia Mieszkaniowa\" \/>\n<meta property=\"article:modified_time\" content=\"2025-07-31T12:51:48+00:00\" \/>\n<meta property=\"og:image\" content=\"https:\/\/ssmsandomierz.pl\/wp-content\/uploads\/2025\/03\/cropped-POBIERZ.jpg\" \/>\n\t<meta property=\"og:image:width\" content=\"1201\" \/>\n\t<meta property=\"og:image:height\" content=\"681\" \/>\n\t<meta property=\"og:image:type\" content=\"image\/jpeg\" \/>\n<meta name=\"twitter:card\" content=\"summary_large_image\" \/>\n<meta name=\"twitter:label1\" content=\"Szacowany czas czytania\" \/>\n\t<meta name=\"twitter:data1\" content=\"1 minuta\" \/>\n<script type=\"application\/ld+json\" class=\"yoast-schema-graph\">{\"@context\":\"https:\/\/schema.org\",\"@graph\":[{\"@type\":\"WebPage\",\"@id\":\"https:\/\/ssmsandomierz.pl\/index.php\/elementor-489\/\",\"url\":\"https:\/\/ssmsandomierz.pl\/index.php\/elementor-489\/\",\"name\":\"Do pobrania - Sandomierska Sp\u00f3\u0142dzielnia Mieszkaniowa\",\"isPartOf\":{\"@id\":\"https:\/\/ssmsandomierz.pl\/#website\"},\"primaryImageOfPage\":{\"@id\":\"https:\/\/ssmsandomierz.pl\/index.php\/elementor-489\/#primaryimage\"},\"image\":{\"@id\":\"https:\/\/ssmsandomierz.pl\/index.php\/elementor-489\/#primaryimage\"},\"thumbnailUrl\":\"https:\/\/ssmsandomierz.pl\/wp-content\/uploads\/2025\/03\/cropped-POBIERZ.jpg\",\"datePublished\":\"2022-01-19T13:59:12+00:00\",\"dateModified\":\"2025-07-31T12:51:48+00:00\",\"breadcrumb\":{\"@id\":\"https:\/\/ssmsandomierz.pl\/index.php\/elementor-489\/#breadcrumb\"},\"inLanguage\":\"pl-PL\",\"potentialAction\":[{\"@type\":\"ReadAction\",\"target\":[\"https:\/\/ssmsandomierz.pl\/index.php\/elementor-489\/\"]}]},{\"@type\":\"ImageObject\",\"inLanguage\":\"pl-PL\",\"@id\":\"https:\/\/ssmsandomierz.pl\/index.php\/elementor-489\/#primaryimage\",\"url\":\"https:\/\/ssmsandomierz.pl\/wp-content\/uploads\/2025\/03\/cropped-POBIERZ.jpg\",\"contentUrl\":\"https:\/\/ssmsandomierz.pl\/wp-content\/uploads\/2025\/03\/cropped-POBIERZ.jpg\",\"width\":1201,\"height\":681,\"caption\":\"Document management and network system concept. Businessman use smart tablet loading documents in online archives ,Document management Storage and technology on digital document paperless operation.\"},{\"@type\":\"BreadcrumbList\",\"@id\":\"https:\/\/ssmsandomierz.pl\/index.php\/elementor-489\/#breadcrumb\",\"itemListElement\":[{\"@type\":\"ListItem\",\"position\":1,\"name\":\"Home\",\"item\":\"https:\/\/ssmsandomierz.pl\/\"},{\"@type\":\"ListItem\",\"position\":2,\"name\":\"Do pobrania\"}]},{\"@type\":\"WebSite\",\"@id\":\"https:\/\/ssmsandomierz.pl\/#website\",\"url\":\"https:\/\/ssmsandomierz.pl\/\",\"name\":\"Sandomierska Sp\u00f3\u0142dzielnia Mieszkaniowa\",\"description\":\"\",\"publisher\":{\"@id\":\"https:\/\/ssmsandomierz.pl\/#organization\"},\"potentialAction\":[{\"@type\":\"SearchAction\",\"target\":{\"@type\":\"EntryPoint\",\"urlTemplate\":\"https:\/\/ssmsandomierz.pl\/?s={search_term_string}\"},\"query-input\":{\"@type\":\"PropertyValueSpecification\",\"valueRequired\":true,\"valueName\":\"search_term_string\"}}],\"inLanguage\":\"pl-PL\"},{\"@type\":\"Organization\",\"@id\":\"https:\/\/ssmsandomierz.pl\/#organization\",\"name\":\"Sandomierska Sp\u00f3\u0142dzielnia Mieszkaniowa\",\"url\":\"https:\/\/ssmsandomierz.pl\/\",\"logo\":{\"@type\":\"ImageObject\",\"inLanguage\":\"pl-PL\",\"@id\":\"https:\/\/ssmsandomierz.pl\/#\/schema\/logo\/image\/\",\"url\":\"https:\/\/ssmsandomierz.pl\/wp-content\/uploads\/2025\/04\/cropped-przezrocz.png\",\"contentUrl\":\"https:\/\/ssmsandomierz.pl\/wp-content\/uploads\/2025\/04\/cropped-przezrocz.png\",\"width\":1151,\"height\":512,\"caption\":\"Sandomierska Sp\u00f3\u0142dzielnia Mieszkaniowa\"},\"image\":{\"@id\":\"https:\/\/ssmsandomierz.pl\/#\/schema\/logo\/image\/\"}}]}<\/script>\n<!-- \/ Yoast SEO plugin. -->","yoast_head_json":{"title":"Do pobrania - Sandomierska Sp\u00f3\u0142dzielnia Mieszkaniowa","robots":{"index":"index","follow":"follow","max-snippet":"max-snippet:-1","max-image-preview":"max-image-preview:large","max-video-preview":"max-video-preview:-1"},"canonical":"https:\/\/ssmsandomierz.pl\/index.php\/elementor-489\/","og_locale":"pl_PL","og_type":"article","og_title":"Do pobrania - Sandomierska Sp\u00f3\u0142dzielnia Mieszkaniowa","og_description":"Pliki do pobrania O\u015bwiadczenie dotycz\u0105ce korespondencji z SSM &#8211; Adres korespondencyjny, e-faktury, PWI O\u015bwiadczenie dotycz\u0105ce ilo\u015bci os\u00f3b zamieszka\u0142ych w lokalu mieszkalnym SANDOMIERZ O\u015bwiadczenie dotycz\u0105ce ilo\u015bci os\u00f3b zamieszka\u0142ych w lokalu mieszkalnym ZAWICHOST Upowa\u017cnienie O\u015bwiadczenie o wyra\u017ceniu zgody na przetwarzanie danych &#8211; RODO Pe\u0142nomocnictwo Deklaracja przyst\u0105pienia do sp\u00f3\u0142dzielni Podanie o wydanie za\u015bwiadczenia Wniosek o wydanie zgody na prowadzenie DG w lokalu mieszkalnym","og_url":"https:\/\/ssmsandomierz.pl\/index.php\/elementor-489\/","og_site_name":"Sandomierska Sp\u00f3\u0142dzielnia Mieszkaniowa","article_modified_time":"2025-07-31T12:51:48+00:00","og_image":[{"width":1201,"height":681,"url":"https:\/\/ssmsandomierz.pl\/wp-content\/uploads\/2025\/03\/cropped-POBIERZ.jpg","type":"image\/jpeg"}],"twitter_card":"summary_large_image","twitter_misc":{"Szacowany czas czytania":"1 minuta"},"schema":{"@context":"https:\/\/schema.org","@graph":[{"@type":"WebPage","@id":"https:\/\/ssmsandomierz.pl\/index.php\/elementor-489\/","url":"https:\/\/ssmsandomierz.pl\/index.php\/elementor-489\/","name":"Do pobrania - Sandomierska Sp\u00f3\u0142dzielnia Mieszkaniowa","isPartOf":{"@id":"https:\/\/ssmsandomierz.pl\/#website"},"primaryImageOfPage":{"@id":"https:\/\/ssmsandomierz.pl\/index.php\/elementor-489\/#primaryimage"},"image":{"@id":"https:\/\/ssmsandomierz.pl\/index.php\/elementor-489\/#primaryimage"},"thumbnailUrl":"https:\/\/ssmsandomierz.pl\/wp-content\/uploads\/2025\/03\/cropped-POBIERZ.jpg","datePublished":"2022-01-19T13:59:12+00:00","dateModified":"2025-07-31T12:51:48+00:00","breadcrumb":{"@id":"https:\/\/ssmsandomierz.pl\/index.php\/elementor-489\/#breadcrumb"},"inLanguage":"pl-PL","potentialAction":[{"@type":"ReadAction","target":["https:\/\/ssmsandomierz.pl\/index.php\/elementor-489\/"]}]},{"@type":"ImageObject","inLanguage":"pl-PL","@id":"https:\/\/ssmsandomierz.pl\/index.php\/elementor-489\/#primaryimage","url":"https:\/\/ssmsandomierz.pl\/wp-content\/uploads\/2025\/03\/cropped-POBIERZ.jpg","contentUrl":"https:\/\/ssmsandomierz.pl\/wp-content\/uploads\/2025\/03\/cropped-POBIERZ.jpg","width":1201,"height":681,"caption":"Document management and network system concept. Businessman use smart tablet loading documents in online archives ,Document management Storage and technology on digital document paperless operation."},{"@type":"BreadcrumbList","@id":"https:\/\/ssmsandomierz.pl\/index.php\/elementor-489\/#breadcrumb","itemListElement":[{"@type":"ListItem","position":1,"name":"Home","item":"https:\/\/ssmsandomierz.pl\/"},{"@type":"ListItem","position":2,"name":"Do pobrania"}]},{"@type":"WebSite","@id":"https:\/\/ssmsandomierz.pl\/#website","url":"https:\/\/ssmsandomierz.pl\/","name":"Sandomierska Sp\u00f3\u0142dzielnia Mieszkaniowa","description":"","publisher":{"@id":"https:\/\/ssmsandomierz.pl\/#organization"},"potentialAction":[{"@type":"SearchAction","target":{"@type":"EntryPoint","urlTemplate":"https:\/\/ssmsandomierz.pl\/?s={search_term_string}"},"query-input":{"@type":"PropertyValueSpecification","valueRequired":true,"valueName":"search_term_string"}}],"inLanguage":"pl-PL"},{"@type":"Organization","@id":"https:\/\/ssmsandomierz.pl\/#organization","name":"Sandomierska Sp\u00f3\u0142dzielnia Mieszkaniowa","url":"https:\/\/ssmsandomierz.pl\/","logo":{"@type":"ImageObject","inLanguage":"pl-PL","@id":"https:\/\/ssmsandomierz.pl\/#\/schema\/logo\/image\/","url":"https:\/\/ssmsandomierz.pl\/wp-content\/uploads\/2025\/04\/cropped-przezrocz.png","contentUrl":"https:\/\/ssmsandomierz.pl\/wp-content\/uploads\/2025\/04\/cropped-przezrocz.png","width":1151,"height":512,"caption":"Sandomierska Sp\u00f3\u0142dzielnia Mieszkaniowa"},"image":{"@id":"https:\/\/ssmsandomierz.pl\/#\/schema\/logo\/image\/"}}]}},"_links":{"self":[{"href":"https:\/\/ssmsandomierz.pl\/index.php\/wp-json\/wp\/v2\/pages\/489","targetHints":{"allow":["GET"]}}],"collection":[{"href":"https:\/\/ssmsandomierz.pl\/index.php\/wp-json\/wp\/v2\/pages"}],"about":[{"href":"https:\/\/ssmsandomierz.pl\/index.php\/wp-json\/wp\/v2\/types\/page"}],"author":[{"embeddable":true,"href":"https:\/\/ssmsandomierz.pl\/index.php\/wp-json\/wp\/v2\/users\/1"}],"replies":[{"embeddable":true,"href":"https:\/\/ssmsandomierz.pl\/index.php\/wp-json\/wp\/v2\/comments?post=489"}],"version-history":[{"count":88,"href":"https:\/\/ssmsandomierz.pl\/index.php\/wp-json\/wp\/v2\/pages\/489\/revisions"}],"predecessor-version":[{"id":4878,"href":"https:\/\/ssmsandomierz.pl\/index.php\/wp-json\/wp\/v2\/pages\/489\/revisions\/4878"}],"wp:featuredmedia":[{"embeddable":true,"href":"https:\/\/ssmsandomierz.pl\/index.php\/wp-json\/wp\/v2\/media\/4196"}],"wp:attachment":[{"href":"https:\/\/ssmsandomierz.pl\/index.php\/wp-json\/wp\/v2\/media?parent=489"}],"curies":[{"name":"wp","href":"https:\/\/api.w.org\/{rel}","templated":true}]}}